{"id":916,"date":"2025-12-17T16:51:59","date_gmt":"2025-12-17T15:51:59","guid":{"rendered":"https:\/\/dailyfoodmarket.es\/?page_id=916"},"modified":"2025-12-30T16:47:09","modified_gmt":"2025-12-30T15:47:09","slug":"demanar-coffee-essential","status":"publish","type":"page","link":"https:\/\/dailyfoodmarket.es\/netpharma\/demanar-coffee-essential\/","title":{"rendered":"Demanar el teu Coffee Essential"},"content":{"rendered":"<form data-form_id=\"3\" id=\"fluentform_3\" data-form_instance=\"ff_form_instance_3_1\" method=\"POST\" >\n<fieldset  style=\"border: none!important;margin: 0!important;padding: 0!important;background-color: transparent!important;box-shadow: none!important;outline: none!important; min-inline-size: 100%;\">\n<legend style=\"display: block; margin: 0!important;padding: 0!important;height: 0!important;text-indent: -999999px;width: 0!important;overflow:hidden;\">CESSENTIAL Form (#3)<\/legend>\n<p><input type='hidden' name='__fluent_form_embded_post_id' value='916' \/><input type=\"hidden\" id=\"_fluentform_3_fluentformnonce\" name=\"_fluentform_3_fluentformnonce\" value=\"3586b784db\" \/><input type=\"hidden\" name=\"_wp_http_referer\" value=\"\/netpharma\/wp-admin\/admin-ajax.php\" \/><label for='ff_3_numeric_field' id='label_ff_3_numeric_field' aria-label=\"N\u00famero de persones\">N\u00famero de persones<\/label><input type=\"number\" name=\"numeric_field\" id=\"ff_3_numeric_field\" placeholder=\"5\" data-name=\"numeric_field\" inputmode=\"numeric\" step=\"any\" min=\"5\" aria-valuemin=\"5\"  aria-invalid=\"false\" aria-required=true><label   aria-label=\"Selecciona com vols el teu Coffee Essential\">Selecciona com vols el teu Coffee Essential<\/label><label class='ff-el-form-check-label'><input  type=\"radio\" name=\"tipus_producte\" data-name=\"tipus_producte\" value=\"Salat\"  id='tipus_producte_c0b930a15e1100350bc360ef80e6b5a9' aria-label='Salat' aria-invalid='false' aria-required=true> Salat<\/label><label class='ff-el-form-check-label'><input  type=\"radio\" name=\"tipus_producte\" data-name=\"tipus_producte\" checked=\"1\" value=\"Dol\u00e7\"  id='tipus_producte_ed5c4a8db26627db01f304763c811184' aria-label='Dol\u00e7' aria-invalid='false' aria-required=true> Dol\u00e7<\/label><label for='ff_3_tipus_entrepans' id='label_ff_3_tipus_entrepans' aria-label=\"De qu\u00e8 vols els entrepans?\">De qu\u00e8 vols els entrepans?<\/label><svg width=\"16\" height=\"16\" viewBox=\"0 0 25 25\"><path d=\"m329 393l0-46c0-2-1-4-2-6-2-2-4-3-7-3l-27 0 0-146c0-3-1-5-3-7-2-1-4-2-7-2l-91 0c-3 0-5 1-7 2-1 2-2 4-2 7l0 46c0 2 1 5 2 6 2 2 4 3 7 3l27 0 0 91-27 0c-3 0-5 1-7 3-1 2-2 4-2 6l0 46c0 3 1 5 2 7 2 1 4 2 7 2l128 0c3 0 5-1 7-2 1-2 2-4 2-7z m-36-256l0-46c0-2-1-4-3-6-2-2-4-3-7-3l-54 0c-3 0-5 1-7 3-2 2-3 4-3 6l0 46c0 3 1 5 3 7 2 1 4 2 7 2l54 0c3 0 5-1 7-2 2-2 3-4 3-7z m182 119c0 40-9 77-29 110-20 34-46 60-80 80-33 20-70 29-110 29-40 0-77-9-110-29-34-20-60-46-80-80-20-33-29-70-29-110 0-40 9-77 29-110 20-34 46-60 80-80 33-20 70-29 110-29 40 0 77 9 110 29 34 20 60 46 80 80 20 33 29 70 29 110z\" transform=\"scale(0.046875 0.046875)\"><\/path><\/svg><select name=\"tipus_entrepans[]\" id=\"ff_3_tipus_entrepans\" multiple=\"1\" data-name=\"tipus_entrepans\" data-max_selected_options=\"3\" data-calc_value=\"0\"  aria-invalid=\"false\" aria-required=\"true\" aria-labelledby=\"label_ff_3_tipus_entrepans\"><option value=\"Pernil ib\u00e8ric\"  >Pernil ib\u00e8ric<\/option><option value=\"Pernil dol\u00e7\"  >Pernil dol\u00e7<\/option><option value=\"Formatge d\u2019ovella\"  >Formatge d\u2019ovella<\/option><option value=\"Llonganissa\"  >Llonganissa<\/option><option value=\"Tonyina\"  >Tonyina<\/option><option value=\"Gall d\u2019indi \"  >Gall d\u2019indi<\/option><option value=\"Salm\u00f3\"  >Salm\u00f3<\/option><\/select><label for='ff_3_tipus_dolcos' id='label_ff_3_tipus_dolcos' aria-label=\"De qu\u00e8 vols els dol\u00e7os?\">De qu\u00e8 vols els dol\u00e7os?<\/label><svg width=\"16\" height=\"16\" viewBox=\"0 0 25 25\"><path d=\"m329 393l0-46c0-2-1-4-2-6-2-2-4-3-7-3l-27 0 0-146c0-3-1-5-3-7-2-1-4-2-7-2l-91 0c-3 0-5 1-7 2-1 2-2 4-2 7l0 46c0 2 1 5 2 6 2 2 4 3 7 3l27 0 0 91-27 0c-3 0-5 1-7 3-1 2-2 4-2 6l0 46c0 3 1 5 2 7 2 1 4 2 7 2l128 0c3 0 5-1 7-2 1-2 2-4 2-7z m-36-256l0-46c0-2-1-4-3-6-2-2-4-3-7-3l-54 0c-3 0-5 1-7 3-2 2-3 4-3 6l0 46c0 3 1 5 3 7 2 1 4 2 7 2l54 0c3 0 5-1 7-2 2-2 3-4 3-7z m182 119c0 40-9 77-29 110-20 34-46 60-80 80-33 20-70 29-110 29-40 0-77-9-110-29-34-20-60-46-80-80-20-33-29-70-29-110 0-40 9-77 29-110 20-34 46-60 80-80 33-20 70-29 110-29 40 0 77 9 110 29 34 20 60 46 80 80 20 33 29 70 29 110z\" transform=\"scale(0.046875 0.046875)\"><\/path><\/svg><select name=\"tipus_dolcos[]\" id=\"ff_3_tipus_dolcos\" multiple=\"1\" data-name=\"tipus_dolcos\" data-max_selected_options=\"3\" data-calc_value=\"0\"  aria-invalid=\"false\" aria-required=\"true\" aria-labelledby=\"label_ff_3_tipus_dolcos\"><option value=\"Mini croissants xocolata\"  >Mini croissants xocolata<\/option><option value=\"Mini croissants mantega\"  >Mini croissants mantega<\/option><option value=\"Mini croissants festuc \"  >Mini croissants festuc<\/option><option value=\"Mini croissants mascarpone \"  >Mini croissants mascarpone<\/option><option value=\"Muffin xocolata\"  >Muffin xocolata<\/option><option value=\"Muffin festuc\"  >Muffin festuc<\/option><option value=\"Cookies \"  >Cookies<\/option><option value=\"Mini donuts\"  >Mini donuts<\/option><\/select><label for='ff_3_datetime' id='label_ff_3_datetime' aria-label=\"Per quan ho vols?\">Per quan ho vols?<\/label><svg width=\"16\" height=\"16\" viewBox=\"0 0 25 25\"><path d=\"m329 393l0-46c0-2-1-4-2-6-2-2-4-3-7-3l-27 0 0-146c0-3-1-5-3-7-2-1-4-2-7-2l-91 0c-3 0-5 1-7 2-1 2-2 4-2 7l0 46c0 2 1 5 2 6 2 2 4 3 7 3l27 0 0 91-27 0c-3 0-5 1-7 3-1 2-2 4-2 6l0 46c0 3 1 5 2 7 2 1 4 2 7 2l128 0c3 0 5-1 7-2 1-2 2-4 2-7z m-36-256l0-46c0-2-1-4-3-6-2-2-4-3-7-3l-54 0c-3 0-5 1-7 3-2 2-3 4-3 6l0 46c0 3 1 5 3 7 2 1 4 2 7 2l54 0c3 0 5-1 7-2 2-2 3-4 3-7z m182 119c0 40-9 77-29 110-20 34-46 60-80 80-33 20-70 29-110 29-40 0-77-9-110-29-34-20-60-46-80-80-20-33-29-70-29-110 0-40 9-77 29-110 20-34 46-60 80-80 33-20 70-29 110-29 40 0 77 9 110 29 34 20 60 46 80 80 20 33 29 70 29 110z\" transform=\"scale(0.046875 0.046875)\"><\/path><\/svg><input  aria-label='Per quan ho vols? Use arrow keys to navigate dates. Press enter to select a date.'  aria-haspopup='dialog' data-type-datepicker data-format='d\/m\/Y' type=\"text\" name=\"datetime\" value=\"18\/12\/2025\" id=\"ff_3_datetime\" data-name=\"datetime\"  aria-invalid='false' aria-required=true><label for='ff_3_observacions' id='label_ff_3_observacions' aria-label=\"Observacions\">Observacions<\/label><svg width=\"16\" height=\"16\" viewBox=\"0 0 25 25\"><path d=\"m329 393l0-46c0-2-1-4-2-6-2-2-4-3-7-3l-27 0 0-146c0-3-1-5-3-7-2-1-4-2-7-2l-91 0c-3 0-5 1-7 2-1 2-2 4-2 7l0 46c0 2 1 5 2 6 2 2 4 3 7 3l27 0 0 91-27 0c-3 0-5 1-7 3-1 2-2 4-2 6l0 46c0 3 1 5 2 7 2 1 4 2 7 2l128 0c3 0 5-1 7-2 1-2 2-4 2-7z m-36-256l0-46c0-2-1-4-3-6-2-2-4-3-7-3l-54 0c-3 0-5 1-7 3-2 2-3 4-3 6l0 46c0 3 1 5 3 7 2 1 4 2 7 2l54 0c3 0 5-1 7-2 2-2 3-4 3-7z m182 119c0 40-9 77-29 110-20 34-46 60-80 80-33 20-70 29-110 29-40 0-77-9-110-29-34-20-60-46-80-80-20-33-29-70-29-110 0-40 9-77 29-110 20-34 46-60 80-80 33-20 70-29 110-29 40 0 77 9 110 29 34 20 60 46 80 80 20 33 29 70 29 110z\" transform=\"scale(0.046875 0.046875)\"><\/path><\/svg><textarea aria-required=\"false\" aria-labelledby=\"label_ff_3_observacions\" name=\"observacions\" id=\"ff_3_observacions\" rows=\"3\" cols=\"2\" data-name=\"observacions\" ><\/textarea><button type=\"submit\"  aria-label=\"Submit\">Submit<\/button><\/fieldset>\n<\/form>\n<p>\t\t\t\t\t\t\t\t\t\t\t\t\t\t\t<img decoding=\"async\" src=\"https:\/\/dailyfoodmarket.es\/netpharma\/wp-content\/uploads\/elementor\/thumbs\/21-1-scaled-rganfgg8lnb11uzbr097st2t82x6sl1r8ti04v5lmg.png\" title=\"21\" alt=\"21\" loading=\"lazy\" \/><\/p>\n","protected":false},"excerpt":{"rendered":"<p>CESSENTIAL Form (#3) N\u00famero de personesSelecciona com vols el teu Coffee Essential Salat Dol\u00e7De qu\u00e8 vols els entrepans?Pernil ib\u00e8ricPernil dol\u00e7Formatge d\u2019ovellaLlonganissaTonyinaGall d\u2019indiSalm\u00f3De qu\u00e8 vols els dol\u00e7os?Mini croissants xocolataMini croissants mantegaMini croissants festucMini croissants mascarponeMuffin xocolataMuffin festucCookiesMini donutsPer quan ho vols?ObservacionsSubmit<\/p>\n","protected":false},"author":2,"featured_media":0,"parent":0,"menu_order":0,"comment_status":"closed","ping_status":"closed","template":"full_width.php","meta":{"footnotes":""},"class_list":["post-916","page","type-page","status-publish","hentry"],"_links":{"self":[{"href":"https:\/\/dailyfoodmarket.es\/netpharma\/wp-json\/wp\/v2\/pages\/916","targetHints":{"allow":["GET"]}}],"collection":[{"href":"https:\/\/dailyfoodmarket.es\/netpharma\/wp-json\/wp\/v2\/pages"}],"about":[{"href":"https:\/\/dailyfoodmarket.es\/netpharma\/wp-json\/wp\/v2\/types\/page"}],"author":[{"embeddable":true,"href":"https:\/\/dailyfoodmarket.es\/netpharma\/wp-json\/wp\/v2\/users\/2"}],"replies":[{"embeddable":true,"href":"https:\/\/dailyfoodmarket.es\/netpharma\/wp-json\/wp\/v2\/comments?post=916"}],"version-history":[{"count":70,"href":"https:\/\/dailyfoodmarket.es\/netpharma\/wp-json\/wp\/v2\/pages\/916\/revisions"}],"predecessor-version":[{"id":1001,"href":"https:\/\/dailyfoodmarket.es\/netpharma\/wp-json\/wp\/v2\/pages\/916\/revisions\/1001"}],"wp:attachment":[{"href":"https:\/\/dailyfoodmarket.es\/netpharma\/wp-json\/wp\/v2\/media?parent=916"}],"curies":[{"name":"wp","href":"https:\/\/api.w.org\/{rel}","templated":true}]}}