{"id":25,"date":"2025-11-07T12:08:48","date_gmt":"2025-11-07T11:08:48","guid":{"rendered":"http:\/\/dailyfoodmarket.disind.rioancho.com:8081\/?page_id=25"},"modified":"2026-03-17T12:22:22","modified_gmt":"2026-03-17T11:22:22","slug":"take-away-empreses","status":"publish","type":"page","link":"https:\/\/dailyfoodmarket.es\/netpharma\/take-away-empreses\/","title":{"rendered":"C\u00c0TERING DIARI EMPRESA"},"content":{"rendered":"\t\t<div data-elementor-type=\"wp-page\" data-elementor-id=\"25\" class=\"elementor elementor-25\">\n\t\t\t\t<div class=\"elementor-element elementor-element-f5203aa e-flex e-con-boxed e-con e-parent\" data-id=\"f5203aa\" data-element_type=\"container\" data-e-type=\"container\">\n\t\t\t\t\t<div class=\"e-con-inner\">\n\t\t\t\t<div class=\"elementor-element elementor-element-48eed04 elementor-hidden-desktop elementor-hidden-tablet elementor-hidden-mobile elementor-widget elementor-widget-qi_addons_for_elementor_accordion\" data-id=\"48eed04\" data-element_type=\"widget\" data-e-type=\"widget\" id=\"info\" data-widget_type=\"qi_addons_for_elementor_accordion.default\">\n\t\t\t\t<div class=\"elementor-widget-container\">\n\t\t\t\t\t<div class=\"qodef-shortcode qodef-m qodef-qi-accordion qodef-qi-clear qodef-behavior--toggle qodef-layout--simple qodef-style--standard\">\n\t<h3 class=\"qodef-e-title-holder\">\n\t<span class=\"qodef-e-title\">Com fer la teva comanda<\/span>\n\t<span class=\"qodef-e-mark\">\n\t\t<span class=\"qodef-icon--plus\">\n\t\t\t\t<span class=\"qodef-e-icon\">\n\t\t<svg aria-hidden=\"true\" class=\"e-font-icon-svg e-fas-plus\" viewBox=\"0 0 448 512\" xmlns=\"http:\/\/www.w3.org\/2000\/svg\"><path d=\"M416 208H272V64c0-17.67-14.33-32-32-32h-32c-17.67 0-32 14.33-32 32v144H32c-17.67 0-32 14.33-32 32v32c0 17.67 14.33 32 32 32h144v144c0 17.67 14.33 32 32 32h32c17.67 0 32-14.33 32-32V304h144c17.67 0 32-14.33 32-32v-32c0-17.67-14.33-32-32-32z\"><\/path><\/svg>\t<\/span>\n\t\t\t<\/span>\n\t\t<span class=\"qodef-icon--minus\">\n\t\t\t\t<span class=\"qodef-e-icon\">\n\t\t<svg aria-hidden=\"true\" class=\"e-font-icon-svg e-fas-minus\" viewBox=\"0 0 448 512\" xmlns=\"http:\/\/www.w3.org\/2000\/svg\"><path d=\"M416 208H32c-17.67 0-32 14.33-32 32v32c0 17.67 14.33 32 32 32h384c17.67 0 32-14.33 32-32v-32c0-17.67-14.33-32-32-32z\"><\/path><\/svg>\t<\/span>\n\t\t\t<\/span>\n\t<\/span>\n<\/h3>\n<div class=\"qodef-e-content\">\n\t<div class=\"qodef-e-content-inner\">\n\t\t<p><span style=\"color: #808080\">Fer el teu men\u00fa diari \u00e9s r\u00e0pid i molt intu\u00eftiu. Segueix aquests passos i tindr\u00e0s la teva comanda llesta en menys d\u2019un minut.<\/span><\/p><p><span style=\"color: #333333\"><strong>1. Inicia la teva sessi\u00f3 o registra\u2019t<\/strong><\/span><br \/><span style=\"color: #333333\">Accedeix al teu compte per comen\u00e7ar la comanda.<\/span><\/p><p><span style=\"color: #333333\"><strong>2. Tria el dia que desitgis demanar el men\u00fa<\/strong><\/span><br \/><span style=\"color: #333333\">Selecciona el dia de la setmana en qu\u00e8 necessites el teu \u00e0pat.<\/span><\/p><p><span style=\"color: #333333\"><strong>3. Escull el teu men\u00fa<\/strong><\/span><br \/><span style=\"color: #333333\">Pots triar entre <strong>2 primers<\/strong>, o b\u00e9 <strong>1 primer i 1 segon<\/strong>.<\/span><br \/><span style=\"color: #333333\"><em>I no t\u2019oblidis del postre!<\/em><\/span><\/p><p><span style=\"color: #333333\"><strong>4. <\/strong><strong>Selecciona beguda i opcions addicionals<\/strong><\/span><\/p><p><span style=\"color: #333333\">Tria la beguda que vols i el pa.<\/span><br \/><span style=\"color: #333333\">Decideix tamb\u00e9 on vols menjar: <strong>\u201cTake Away\u201d<\/strong> (per emportar) o <strong>\u201cDining Room\u201d<\/strong> (Menjador del Hub).<\/span><\/p><p><span style=\"color: #333333\"><strong>5. Afegeix a la cistella<\/strong><\/span><br \/><span style=\"color: #333333\">Confirma la teva selecci\u00f3 abans de continuar.<\/span><\/p><p><span style=\"color: #333333\"><strong>6. Repeteix per la resta de dies o envia la comanda<\/strong><\/span><br \/><span style=\"color: #333333\">Si necessites m\u00e9s dies, repeteix el proc\u00e9s; si no, envia la comanda i gaudeix del teu \u00e0pa<\/span>t.<\/p>\t<\/div>\n<\/div>\n<\/div>\n\t\t\t\t<\/div>\n\t\t\t\t<\/div>\n\t\t\t\t\t<\/div>\n\t\t\t\t<\/div>\n\t\t\t\t<\/div>\n\t\t","protected":false},"excerpt":{"rendered":"<p>Com fer la teva comanda Fer el teu men\u00fa diari \u00e9s r\u00e0pid i molt intu\u00eftiu. Segueix aquests passos i tindr\u00e0s la teva comanda llesta en menys d\u2019un minut. 1. Inicia la teva sessi\u00f3 o registra\u2019tAccedeix al teu compte per comen\u00e7ar la comanda. 2. Tria el&#8230;<\/p>\n","protected":false},"author":1,"featured_media":276,"parent":0,"menu_order":0,"comment_status":"closed","ping_status":"closed","template":"takeaway\/takeaway_empresasV2.php","meta":{"footnotes":""},"class_list":["post-25","page","type-page","status-publish","has-post-thumbnail","hentry"],"_links":{"self":[{"href":"https:\/\/dailyfoodmarket.es\/netpharma\/wp-json\/wp\/v2\/pages\/25","targetHints":{"allow":["GET"]}}],"collection":[{"href":"https:\/\/dailyfoodmarket.es\/netpharma\/wp-json\/wp\/v2\/pages"}],"about":[{"href":"https:\/\/dailyfoodmarket.es\/netpharma\/wp-json\/wp\/v2\/types\/page"}],"author":[{"embeddable":true,"href":"https:\/\/dailyfoodmarket.es\/netpharma\/wp-json\/wp\/v2\/users\/1"}],"replies":[{"embeddable":true,"href":"https:\/\/dailyfoodmarket.es\/netpharma\/wp-json\/wp\/v2\/comments?post=25"}],"version-history":[{"count":41,"href":"https:\/\/dailyfoodmarket.es\/netpharma\/wp-json\/wp\/v2\/pages\/25\/revisions"}],"predecessor-version":[{"id":1295,"href":"https:\/\/dailyfoodmarket.es\/netpharma\/wp-json\/wp\/v2\/pages\/25\/revisions\/1295"}],"wp:featuredmedia":[{"embeddable":true,"href":"https:\/\/dailyfoodmarket.es\/netpharma\/wp-json\/wp\/v2\/media\/276"}],"wp:attachment":[{"href":"https:\/\/dailyfoodmarket.es\/netpharma\/wp-json\/wp\/v2\/media?parent=25"}],"curies":[{"name":"wp","href":"https:\/\/api.w.org\/{rel}","templated":true}]}}